{"id":4217,"date":"2024-04-03T13:42:00","date_gmt":"2024-04-03T12:42:00","guid":{"rendered":"https:\/\/stamps-app.com\/?page_id=4217"},"modified":"2024-04-03T14:44:30","modified_gmt":"2024-04-03T13:44:30","slug":"de-waarde-van-een-herinneringsboek","status":"publish","type":"page","link":"https:\/\/stamps-app.com\/en\/de-waarde-van-een-herinneringsboek\/","title":{"rendered":"De waarde van een herinneringsboek"},"content":{"rendered":"<p>Het is waarschijnlijk niet het eerste waar je aan denkt als je een pittige diagnose krijgt; een herinneringsboek maken. Je hebt zo veel andere zaken aan je hoofd als je te horen hebt gekregen dat er kanker is geconstateerd of bijvoorbeeld ALS. Maar ook bij hersenletsel, revalidatie of een IC-opname is het waardevol om na afloop van een traject terug te kunnen lezen. En te verwerken.<br \/>\nOok bij verlies en rouw is een vaak gehoord advies om regelmatig op te schrijven wat je meemaakt en hoe je je voelt.<\/p>\n<p><strong>Dierbare herinneringen<br \/>\n<\/strong>Gelukkig vergeet je weer hoe zo\u2019n moeilijke periode echt was. Foto\u2019s terugkijken en teksten teruglezen brengen veel herinneringen tot leven. Achteraf kun je je erover verbazen hoe je zo\u2019n tijd bent doorgekomen. De liefdevolle kaartjes en woorden die gestuurd werden, zijn ook jaren later nog hartverwarmend.<\/p>\n<p><strong>Valuable for you and your loved ones<br \/>\n<\/strong>Een herinneringsboek helpt om een periode af te sluiten en te verwerken. Voor een partner of kinderen kan het heilzaam zijn om te lezen wat iemand doormaakte. Om te voelen hoe vrienden en familie reageerden en hielpen. Ook voor nabestaanden is een herinneringsboek waardevol. Soms zijn kinderen nog te klein om te ervaren wat hun ouder doormaakt. Maar later, in de pubertijd of als ze volwassen zijn, komen de vragen en twijfels. Een herinneringsboek bewaart de mooie en moeilijke momenten.<\/p>\n<p><strong>Schrijven helpt bij reflectie<br \/>\n<\/strong>In de medische wereld wordt vaak geadviseerd om ervaringen op te schrijven.\u00a0 Het helpt met ordenen van gedachten en zoals sommigen zeggen \u201dik schreef het van me af\u201d. Zowel het schrijven als het teruglezen helpt bij reflectie. Het is \u00e9\u00e9n van de redenen <a href=\"https:\/\/stamps-app.com\/en\/\">waarom Stamps<\/a> ontworpen werd. In Stamps kun je zo vaak als je wilt beschrijven hoe het met je gaat. Je bepaalt zelf \u00f3f en met wie je het deelt.<\/p>\n<p><strong>Begin aan het begin<br \/>\n<\/strong>Hoe eerder je begint met schrijven, hoe completer jouw verhaal. In Stamps maak je heel <a href=\"https:\/\/stamps-app.com\/en\/how-does-stamps-work\/\">eenvoudig een traject<\/a> aan en deel je dagelijks of wekelijks, net wat jou past, wat je meemaakte of hoe je je voelde.<\/p>\n<p><strong>Herinneringsboek in Stamps<br \/>\n<\/strong>Vanaf mei 2024 cre\u00eber je eenvoudig een herinneringsboek in Stamps. Je maakt een paar simpele keuzes en met \u00e9\u00e9n druk op de knop wordt jouw herinneringsboek samengesteld. Je kiest hoeveel exemplaren je wilt ontvangen en een professionele drukker gaat voor jou aan de slag.<\/p>\n<p>&nbsp;<\/p>\n<blockquote><p>\"<em>Is er al een mogelijkheid of wellicht zit het in de pipe line om als het traject afgelopen is van al mijn schrijfsels een boekje te (laten) maken.<br \/>\nHet is geen leuke herinnering maar wel een dierbare die bij mijn leven hoort.\u201d <\/em><\/p><\/blockquote>","protected":false},"excerpt":{"rendered":"<p>Het is waarschijnlijk niet het eerste waar je aan denkt als je een pittige diagnose krijgt; een herinneringsboek maken. Je hebt zo veel andere zaken aan je hoofd als je te horen hebt gekregen dat er kanker is geconstateerd of bijvoorbeeld ALS. Maar ook bij hersenletsel, revalidatie of een IC-opname is het waardevol om na [&hellip;]<\/p>","protected":false},"author":2,"featured_media":4218,"parent":0,"menu_order":0,"comment_status":"closed","ping_status":"closed","template":"","meta":{"_mo_disable_npp":"","footnotes":""},"class_list":["post-4217","page","type-page","status-publish","has-post-thumbnail","hentry","entry","has-media","owp-thumbs-layout-horizontal","owp-btn-normal","owp-tabs-layout-horizontal","has-no-thumbnails","has-product-nav"],"yoast_head":"<!-- This site is optimized with the Yoast SEO plugin v26.9 - https:\/\/yoast.com\/product\/yoast-seo-wordpress\/ -->\n<title>De waarde van een herinneringsboek - Stamps<\/title>\n<meta name=\"description\" content=\"Communiceer tijdens jouw medische of andere gezondheidsreis eenvoudig met al jouw dierbaren via de Stamps app. herinneringsboek\" \/>\n<meta name=\"robots\" content=\"index, follow, max-snippet:-1, max-image-preview:large, max-video-preview:-1\" \/>\n<link rel=\"canonical\" href=\"https:\/\/stamps-app.com\/en\/de-waarde-van-een-herinneringsboek\/\" \/>\n<meta property=\"og:locale\" content=\"en_US\" \/>\n<meta property=\"og:type\" content=\"article\" \/>\n<meta property=\"og:title\" content=\"De waarde van een herinneringsboek - Stamps\" \/>\n<meta property=\"og:description\" content=\"Communiceer tijdens jouw medische of andere gezondheidsreis eenvoudig met al jouw dierbaren via de Stamps app. herinneringsboek\" \/>\n<meta property=\"og:url\" content=\"https:\/\/stamps-app.com\/en\/de-waarde-van-een-herinneringsboek\/\" \/>\n<meta property=\"og:site_name\" content=\"Stamps\" \/>\n<meta property=\"article:modified_time\" content=\"2024-04-03T13:44:30+00:00\" \/>\n<meta property=\"og:image\" content=\"https:\/\/stamps-app.com\/wp-content\/uploads\/2024\/04\/1B680CEB-CDE5-4B96-8DCD-927ADDC0B3F2_1_201_a.jpeg\" \/>\n\t<meta property=\"og:image:width\" content=\"1097\" \/>\n\t<meta property=\"og:image:height\" content=\"631\" \/>\n\t<meta property=\"og:image:type\" content=\"image\/jpeg\" \/>\n<meta name=\"twitter:card\" content=\"summary_large_image\" \/>\n<meta name=\"twitter:label1\" content=\"Est. reading time\" \/>\n\t<meta name=\"twitter:data1\" content=\"2 minutes\" \/>\n<script type=\"application\/ld+json\" class=\"yoast-schema-graph\">{\"@context\":\"https:\/\/schema.org\",\"@graph\":[{\"@type\":\"WebPage\",\"@id\":\"https:\/\/stamps-app.com\/de-waarde-van-een-herinneringsboek\/\",\"url\":\"https:\/\/stamps-app.com\/de-waarde-van-een-herinneringsboek\/\",\"name\":\"De waarde van een herinneringsboek - Stamps\",\"isPartOf\":{\"@id\":\"https:\/\/stamps-app.com\/#website\"},\"primaryImageOfPage\":{\"@id\":\"https:\/\/stamps-app.com\/de-waarde-van-een-herinneringsboek\/#primaryimage\"},\"image\":{\"@id\":\"https:\/\/stamps-app.com\/de-waarde-van-een-herinneringsboek\/#primaryimage\"},\"thumbnailUrl\":\"https:\/\/stamps-app.com\/wp-content\/uploads\/2024\/04\/1B680CEB-CDE5-4B96-8DCD-927ADDC0B3F2_1_201_a.jpeg\",\"datePublished\":\"2024-04-03T12:42:00+00:00\",\"dateModified\":\"2024-04-03T13:44:30+00:00\",\"description\":\"Communiceer tijdens jouw medische of andere gezondheidsreis eenvoudig met al jouw dierbaren via de Stamps app. herinneringsboek\",\"breadcrumb\":{\"@id\":\"https:\/\/stamps-app.com\/de-waarde-van-een-herinneringsboek\/#breadcrumb\"},\"inLanguage\":\"en-US\",\"potentialAction\":[{\"@type\":\"ReadAction\",\"target\":[\"https:\/\/stamps-app.com\/de-waarde-van-een-herinneringsboek\/\"]}]},{\"@type\":\"ImageObject\",\"inLanguage\":\"en-US\",\"@id\":\"https:\/\/stamps-app.com\/de-waarde-van-een-herinneringsboek\/#primaryimage\",\"url\":\"https:\/\/stamps-app.com\/wp-content\/uploads\/2024\/04\/1B680CEB-CDE5-4B96-8DCD-927ADDC0B3F2_1_201_a.jpeg\",\"contentUrl\":\"https:\/\/stamps-app.com\/wp-content\/uploads\/2024\/04\/1B680CEB-CDE5-4B96-8DCD-927ADDC0B3F2_1_201_a.jpeg\",\"width\":1097,\"height\":631,\"caption\":\"Koester dierbare herinneringen\"},{\"@type\":\"BreadcrumbList\",\"@id\":\"https:\/\/stamps-app.com\/de-waarde-van-een-herinneringsboek\/#breadcrumb\",\"itemListElement\":[{\"@type\":\"ListItem\",\"position\":1,\"name\":\"Home\",\"item\":\"https:\/\/stamps-app.com\/\"},{\"@type\":\"ListItem\",\"position\":2,\"name\":\"De waarde van een herinneringsboek\"}]},{\"@type\":\"WebSite\",\"@id\":\"https:\/\/stamps-app.com\/#website\",\"url\":\"https:\/\/stamps-app.com\/\",\"name\":\"Stamps\",\"description\":\"Houd je naasten op de hoogte tijdens levensveranderende momenten\",\"publisher\":{\"@id\":\"https:\/\/stamps-app.com\/#organization\"},\"potentialAction\":[{\"@type\":\"SearchAction\",\"target\":{\"@type\":\"EntryPoint\",\"urlTemplate\":\"https:\/\/stamps-app.com\/?s={search_term_string}\"},\"query-input\":{\"@type\":\"PropertyValueSpecification\",\"valueRequired\":true,\"valueName\":\"search_term_string\"}}],\"inLanguage\":\"en-US\"},{\"@type\":\"Organization\",\"@id\":\"https:\/\/stamps-app.com\/#organization\",\"name\":\"Stamps\",\"url\":\"https:\/\/stamps-app.com\/\",\"logo\":{\"@type\":\"ImageObject\",\"inLanguage\":\"en-US\",\"@id\":\"https:\/\/stamps-app.com\/#\/schema\/logo\/image\/\",\"url\":\"https:\/\/stamps-app.com\/wp-content\/uploads\/2021\/12\/Logo-klein.png\",\"contentUrl\":\"https:\/\/stamps-app.com\/wp-content\/uploads\/2021\/12\/Logo-klein.png\",\"width\":262,\"height\":78,\"caption\":\"Stamps\"},\"image\":{\"@id\":\"https:\/\/stamps-app.com\/#\/schema\/logo\/image\/\"}}]}<\/script>\n<!-- \/ Yoast SEO plugin. -->","yoast_head_json":{"title":"De waarde van een herinneringsboek - Stamps","description":"Communiceer tijdens jouw medische of andere gezondheidsreis eenvoudig met al jouw dierbaren via de Stamps app. herinneringsboek","robots":{"index":"index","follow":"follow","max-snippet":"max-snippet:-1","max-image-preview":"max-image-preview:large","max-video-preview":"max-video-preview:-1"},"canonical":"https:\/\/stamps-app.com\/en\/de-waarde-van-een-herinneringsboek\/","og_locale":"en_US","og_type":"article","og_title":"De waarde van een herinneringsboek - Stamps","og_description":"Communiceer tijdens jouw medische of andere gezondheidsreis eenvoudig met al jouw dierbaren via de Stamps app. herinneringsboek","og_url":"https:\/\/stamps-app.com\/en\/de-waarde-van-een-herinneringsboek\/","og_site_name":"Stamps","article_modified_time":"2024-04-03T13:44:30+00:00","og_image":[{"width":1097,"height":631,"url":"https:\/\/stamps-app.com\/wp-content\/uploads\/2024\/04\/1B680CEB-CDE5-4B96-8DCD-927ADDC0B3F2_1_201_a.jpeg","type":"image\/jpeg"}],"twitter_card":"summary_large_image","twitter_misc":{"Est. reading time":"2 minutes"},"schema":{"@context":"https:\/\/schema.org","@graph":[{"@type":"WebPage","@id":"https:\/\/stamps-app.com\/de-waarde-van-een-herinneringsboek\/","url":"https:\/\/stamps-app.com\/de-waarde-van-een-herinneringsboek\/","name":"De waarde van een herinneringsboek - Stamps","isPartOf":{"@id":"https:\/\/stamps-app.com\/#website"},"primaryImageOfPage":{"@id":"https:\/\/stamps-app.com\/de-waarde-van-een-herinneringsboek\/#primaryimage"},"image":{"@id":"https:\/\/stamps-app.com\/de-waarde-van-een-herinneringsboek\/#primaryimage"},"thumbnailUrl":"https:\/\/stamps-app.com\/wp-content\/uploads\/2024\/04\/1B680CEB-CDE5-4B96-8DCD-927ADDC0B3F2_1_201_a.jpeg","datePublished":"2024-04-03T12:42:00+00:00","dateModified":"2024-04-03T13:44:30+00:00","description":"Communiceer tijdens jouw medische of andere gezondheidsreis eenvoudig met al jouw dierbaren via de Stamps app. herinneringsboek","breadcrumb":{"@id":"https:\/\/stamps-app.com\/de-waarde-van-een-herinneringsboek\/#breadcrumb"},"inLanguage":"en-US","potentialAction":[{"@type":"ReadAction","target":["https:\/\/stamps-app.com\/de-waarde-van-een-herinneringsboek\/"]}]},{"@type":"ImageObject","inLanguage":"en-US","@id":"https:\/\/stamps-app.com\/de-waarde-van-een-herinneringsboek\/#primaryimage","url":"https:\/\/stamps-app.com\/wp-content\/uploads\/2024\/04\/1B680CEB-CDE5-4B96-8DCD-927ADDC0B3F2_1_201_a.jpeg","contentUrl":"https:\/\/stamps-app.com\/wp-content\/uploads\/2024\/04\/1B680CEB-CDE5-4B96-8DCD-927ADDC0B3F2_1_201_a.jpeg","width":1097,"height":631,"caption":"Koester dierbare herinneringen"},{"@type":"BreadcrumbList","@id":"https:\/\/stamps-app.com\/de-waarde-van-een-herinneringsboek\/#breadcrumb","itemListElement":[{"@type":"ListItem","position":1,"name":"Home","item":"https:\/\/stamps-app.com\/"},{"@type":"ListItem","position":2,"name":"De waarde van een herinneringsboek"}]},{"@type":"WebSite","@id":"https:\/\/stamps-app.com\/#website","url":"https:\/\/stamps-app.com\/","name":"Stamps","description":"Houd je naasten op de hoogte tijdens levensveranderende momenten","publisher":{"@id":"https:\/\/stamps-app.com\/#organization"},"potentialAction":[{"@type":"SearchAction","target":{"@type":"EntryPoint","urlTemplate":"https:\/\/stamps-app.com\/?s={search_term_string}"},"query-input":{"@type":"PropertyValueSpecification","valueRequired":true,"valueName":"search_term_string"}}],"inLanguage":"en-US"},{"@type":"Organization","@id":"https:\/\/stamps-app.com\/#organization","name":"Stamps","url":"https:\/\/stamps-app.com\/","logo":{"@type":"ImageObject","inLanguage":"en-US","@id":"https:\/\/stamps-app.com\/#\/schema\/logo\/image\/","url":"https:\/\/stamps-app.com\/wp-content\/uploads\/2021\/12\/Logo-klein.png","contentUrl":"https:\/\/stamps-app.com\/wp-content\/uploads\/2021\/12\/Logo-klein.png","width":262,"height":78,"caption":"Stamps"},"image":{"@id":"https:\/\/stamps-app.com\/#\/schema\/logo\/image\/"}}]}},"jetpack_sharing_enabled":true,"_links":{"self":[{"href":"https:\/\/stamps-app.com\/en\/wp-json\/wp\/v2\/pages\/4217","targetHints":{"allow":["GET"]}}],"collection":[{"href":"https:\/\/stamps-app.com\/en\/wp-json\/wp\/v2\/pages"}],"about":[{"href":"https:\/\/stamps-app.com\/en\/wp-json\/wp\/v2\/types\/page"}],"author":[{"embeddable":true,"href":"https:\/\/stamps-app.com\/en\/wp-json\/wp\/v2\/users\/2"}],"replies":[{"embeddable":true,"href":"https:\/\/stamps-app.com\/en\/wp-json\/wp\/v2\/comments?post=4217"}],"version-history":[{"count":1,"href":"https:\/\/stamps-app.com\/en\/wp-json\/wp\/v2\/pages\/4217\/revisions"}],"predecessor-version":[{"id":4219,"href":"https:\/\/stamps-app.com\/en\/wp-json\/wp\/v2\/pages\/4217\/revisions\/4219"}],"wp:featuredmedia":[{"embeddable":true,"href":"https:\/\/stamps-app.com\/en\/wp-json\/wp\/v2\/media\/4218"}],"wp:attachment":[{"href":"https:\/\/stamps-app.com\/en\/wp-json\/wp\/v2\/media?parent=4217"}],"curies":[{"name":"wp","href":"https:\/\/api.w.org\/{rel}","templated":true}]}}